{"id":1348,"date":"2018-10-08T14:37:05","date_gmt":"2018-10-08T14:37:05","guid":{"rendered":"http:\/\/animationtroupeau.fr\/?page_id=1348"},"modified":"2018-10-08T14:46:48","modified_gmt":"2018-10-08T14:46:48","slug":"mentions-legales","status":"publish","type":"page","link":"https:\/\/animationtroupeau.fr\/index.php\/mentions-legales\/","title":{"rendered":"Mentions L\u00e9gales"},"content":{"rendered":"<div class=\"fusion-fullwidth fullwidth-box fusion-builder-row-1 fusion-parallax-none nonhundred-percent-fullwidth non-hundred-percent-height-scrolling\" style=\"--awb-border-radius-top-left:0px;--awb-border-radius-top-right:0px;--awb-border-radius-bottom-right:0px;--awb-border-radius-bottom-left:0px;--awb-background-image:url(&quot;https:\/\/animationtroupeau.fr\/wp-content\/uploads\/2017\/01\/emergency_care_service_ptb.jpg&quot;);--awb-background-size:cover;--awb-flex-wrap:wrap;\" ><div class=\"fusion-builder-row fusion-row\"><div class=\"fusion-layout-column fusion_builder_column fusion-builder-column-0 fusion_builder_column_1_6 1_6 fusion-one-sixth fusion-column-first\" style=\"--awb-bg-size:cover;width:16.666666666667%;width:calc(16.666666666667% - ( ( 4% + 4% ) * 0.16666666666667 ) );margin-right: 4%;\"><div class=\"fusion-column-wrapper fusion-flex-column-wrapper-legacy\"><div class=\"fusion-clearfix\"><\/div><\/div><\/div><div class=\"fusion-layout-column fusion_builder_column fusion-builder-column-1 fusion_builder_column_2_3 2_3 fusion-two-third\" style=\"--awb-bg-size:cover;width:66.666666666667%;width:calc(66.666666666667% - ( ( 4% + 4% ) * 0.66666666666667 ) );margin-right: 4%;\"><div class=\"fusion-column-wrapper fusion-flex-column-wrapper-legacy\"><div class=\"fusion-text fusion-text-1\"><h2><span style=\"color: #ffffff;\"><strong>Mentions L\u00e9gales<\/strong><\/span><\/h2>\n<\/div><div class=\"fusion-text fusion-text-2\"><p style=\"text-align: justify;\"><span style=\"color: #ffffff;\"><strong>\u00a0<\/strong><\/span><\/p>\n<p style=\"text-align: justify;\"><span style=\"color: #ffffff;\"><strong>Le site <a style=\"color: #ffffff;\" href=\"http:\/\/www.animationtroupeau.fr\">www.animationtroupeau.fr<\/a> est \u00e9dit\u00e9 par :<\/strong><\/span><\/p>\n<p style=\"text-align: justify;\"><span style=\"color: #ffffff;\"><strong>Animation Troupeau<\/strong><\/span><\/p>\n<p style=\"text-align: justify;\"><span style=\"color: #ffffff;\"><strong>Le site www.animationtroupeau.frest h\u00e9berg\u00e9 par OVH :<\/strong><\/span><br \/><span style=\"color: #ffffff;\"><strong>SAS O.V.H<\/strong><\/span><br \/><span style=\"color: #ffffff;\">2 rue Kellermann<\/span><br \/><span style=\"color: #ffffff;\">59100 Roubaix<\/span><br \/><span style=\"color: #ffffff;\">Directeur g\u00e9n\u00e9ral : Octave KLABA<\/span><br \/><span style=\"color: #ffffff;\">www.ovh.com<\/span><\/p>\n<p style=\"text-align: justify;\"><span style=\"color: #ffffff;\"><strong>Le site Internet www.animationtroupeau.frest con\u00e7u et r\u00e9alis\u00e9 par le studio Mille-Patte :<\/strong><\/span><br \/><span style=\"color: #ffffff;\"><strong>Studio Mille-Patte<br \/><\/strong>209 rue du vieux Clet<\/span><br \/><span style=\"color: #ffffff;\">30410 MEYRANNES<\/span><br \/><span style=\"color: #ffffff;\">Directrice de l\u2019agence : L\u00e9onor \u00a0Guimier-Comte<\/span><br \/><span style=\"color: #ffffff;\">www.mille-patte.com<\/span><\/p>\n<p style=\"text-align: justify;\"><span style=\"color: #ffffff;\"><strong>Propri\u00e9t\u00e9 intellectuelle<\/strong><\/span><br \/><span style=\"color: #ffffff;\">Les \u00e9diteurs et propri\u00e9taires du site internet www.animationtroupeau.fr, restent titulaires de tous les droits de propri\u00e9t\u00e9 intellectuelle relatifs au site et des droits d\u2019usage y aff\u00e9rant, selon la l\u00e9gislation fran\u00e7aise en vigueur. Sauf dispositions explicites, il est interdit de reproduire, modifier, transmettre et publier tout ou partie du site, y compris pour les documents iconographiques et photographiques, sans l\u2019autorisation \u00e9crite pr\u00e9alable de la soci\u00e9t\u00e9.<\/span><\/p>\n<p style=\"text-align: justify;\"><span style=\"color: #ffffff;\"><strong>Donn\u00e9es personnelles<\/strong><\/span><br \/><span style=\"color: #ffffff;\">Les donn\u00e9es personnelles collect\u00e9es par ce site ne le sont qu\u2019\u00e0 un usage exclusif Animation Troupeau afin de satisfaire les utilisateurs du site. Conform\u00e9ment \u00e0 la Loi Informatique et Libert\u00e9s, l\u2019utilisateur dispose d\u2019un droit d\u2019acc\u00e8s, de modification, de rectification et de suppression des donn\u00e9es qui le concernent (article 34 de la Loi Informatique et Libert\u00e9s du 6 janvier 1978).<\/span><\/p>\n<p style=\"text-align: justify;\"><span style=\"color: #ffffff;\"><strong>Copyright<\/strong><\/span><br \/><span style=\"color: #ffffff;\">Toutes les pages du site <a style=\"color: #ffffff;\" href=\"http:\/\/www.animationtroupeau.fr\">www.animationtroupeau.fr<\/a> et tous fichiers sont prot\u00e9g\u00e9s.<\/span><br \/><span style=\"color: #ffffff;\">Droit d\u2019auteur photos \u00a9 Animation Troupeau<\/span><br \/><span style=\"color: #ffffff;\">Tous droits de reproduction et de diffusion r\u00e9serv\u00e9s. \u00a9 Animation Troupeau 2018.<\/span><\/p>\n<\/div><div class=\"fusion-clearfix\"><\/div><\/div><\/div><div class=\"fusion-layout-column fusion_builder_column fusion-builder-column-2 fusion_builder_column_1_6 1_6 fusion-one-sixth fusion-column-last\" style=\"--awb-bg-size:cover;width:16.666666666667%;width:calc(16.666666666667% - ( ( 4% + 4% ) * 0.16666666666667 ) );\"><div class=\"fusion-column-wrapper fusion-flex-column-wrapper-legacy\"><div class=\"fusion-clearfix\"><\/div><\/div><\/div><\/div><\/div>\n","protected":false},"excerpt":{"rendered":"","protected":false},"author":2,"featured_media":0,"parent":0,"menu_order":0,"comment_status":"closed","ping_status":"closed","template":"100-width.php","meta":{"footnotes":""},"class_list":["post-1348","page","type-page","status-publish","hentry"],"yoast_head":"<!-- This site is optimized with the Yoast SEO plugin v21.5 - https:\/\/yoast.com\/wordpress\/plugins\/seo\/ -->\n<title>Mentions L\u00e9gales - Animation troupeau<\/title>\n<meta name=\"robots\" content=\"index, follow, max-snippet:-1, max-image-preview:large, max-video-preview:-1\" \/>\n<link rel=\"canonical\" href=\"https:\/\/animationtroupeau.fr\/index.php\/mentions-legales\/\" \/>\n<meta property=\"og:locale\" content=\"fr_FR\" \/>\n<meta property=\"og:type\" content=\"article\" \/>\n<meta property=\"og:title\" content=\"Mentions L\u00e9gales - Animation troupeau\" \/>\n<meta property=\"og:url\" content=\"https:\/\/animationtroupeau.fr\/index.php\/mentions-legales\/\" \/>\n<meta property=\"og:site_name\" content=\"Animation troupeau\" \/>\n<meta property=\"article:modified_time\" content=\"2018-10-08T14:46:48+00:00\" \/>\n<meta name=\"twitter:card\" content=\"summary_large_image\" \/>\n<meta name=\"twitter:label1\" content=\"Dur\u00e9e de lecture estim\u00e9e\" \/>\n\t<meta name=\"twitter:data1\" content=\"3 minutes\" \/>\n<script type=\"application\/ld+json\" class=\"yoast-schema-graph\">{\"@context\":\"https:\/\/schema.org\",\"@graph\":[{\"@type\":\"WebPage\",\"@id\":\"https:\/\/animationtroupeau.fr\/index.php\/mentions-legales\/\",\"url\":\"https:\/\/animationtroupeau.fr\/index.php\/mentions-legales\/\",\"name\":\"Mentions L\u00e9gales - Animation troupeau\",\"isPartOf\":{\"@id\":\"https:\/\/animationtroupeau.fr\/#website\"},\"datePublished\":\"2018-10-08T14:37:05+00:00\",\"dateModified\":\"2018-10-08T14:46:48+00:00\",\"breadcrumb\":{\"@id\":\"https:\/\/animationtroupeau.fr\/index.php\/mentions-legales\/#breadcrumb\"},\"inLanguage\":\"fr-FR\",\"potentialAction\":[{\"@type\":\"ReadAction\",\"target\":[\"https:\/\/animationtroupeau.fr\/index.php\/mentions-legales\/\"]}]},{\"@type\":\"BreadcrumbList\",\"@id\":\"https:\/\/animationtroupeau.fr\/index.php\/mentions-legales\/#breadcrumb\",\"itemListElement\":[{\"@type\":\"ListItem\",\"position\":1,\"name\":\"Accueil\",\"item\":\"https:\/\/animationtroupeau.fr\/\"},{\"@type\":\"ListItem\",\"position\":2,\"name\":\"Mentions L\u00e9gales\"}]},{\"@type\":\"WebSite\",\"@id\":\"https:\/\/animationtroupeau.fr\/#website\",\"url\":\"https:\/\/animationtroupeau.fr\/\",\"name\":\"Animation troupeau\",\"description\":\"La passion du travail du chien de berger\",\"potentialAction\":[{\"@type\":\"SearchAction\",\"target\":{\"@type\":\"EntryPoint\",\"urlTemplate\":\"https:\/\/animationtroupeau.fr\/?s={search_term_string}\"},\"query-input\":\"required name=search_term_string\"}],\"inLanguage\":\"fr-FR\"}]}<\/script>\n<!-- \/ Yoast SEO plugin. -->","yoast_head_json":{"title":"Mentions L\u00e9gales - Animation troupeau","robots":{"index":"index","follow":"follow","max-snippet":"max-snippet:-1","max-image-preview":"max-image-preview:large","max-video-preview":"max-video-preview:-1"},"canonical":"https:\/\/animationtroupeau.fr\/index.php\/mentions-legales\/","og_locale":"fr_FR","og_type":"article","og_title":"Mentions L\u00e9gales - Animation troupeau","og_url":"https:\/\/animationtroupeau.fr\/index.php\/mentions-legales\/","og_site_name":"Animation troupeau","article_modified_time":"2018-10-08T14:46:48+00:00","twitter_card":"summary_large_image","twitter_misc":{"Dur\u00e9e de lecture estim\u00e9e":"3 minutes"},"schema":{"@context":"https:\/\/schema.org","@graph":[{"@type":"WebPage","@id":"https:\/\/animationtroupeau.fr\/index.php\/mentions-legales\/","url":"https:\/\/animationtroupeau.fr\/index.php\/mentions-legales\/","name":"Mentions L\u00e9gales - Animation troupeau","isPartOf":{"@id":"https:\/\/animationtroupeau.fr\/#website"},"datePublished":"2018-10-08T14:37:05+00:00","dateModified":"2018-10-08T14:46:48+00:00","breadcrumb":{"@id":"https:\/\/animationtroupeau.fr\/index.php\/mentions-legales\/#breadcrumb"},"inLanguage":"fr-FR","potentialAction":[{"@type":"ReadAction","target":["https:\/\/animationtroupeau.fr\/index.php\/mentions-legales\/"]}]},{"@type":"BreadcrumbList","@id":"https:\/\/animationtroupeau.fr\/index.php\/mentions-legales\/#breadcrumb","itemListElement":[{"@type":"ListItem","position":1,"name":"Accueil","item":"https:\/\/animationtroupeau.fr\/"},{"@type":"ListItem","position":2,"name":"Mentions L\u00e9gales"}]},{"@type":"WebSite","@id":"https:\/\/animationtroupeau.fr\/#website","url":"https:\/\/animationtroupeau.fr\/","name":"Animation troupeau","description":"La passion du travail du chien de berger","potentialAction":[{"@type":"SearchAction","target":{"@type":"EntryPoint","urlTemplate":"https:\/\/animationtroupeau.fr\/?s={search_term_string}"},"query-input":"required name=search_term_string"}],"inLanguage":"fr-FR"}]}},"_links":{"self":[{"href":"https:\/\/animationtroupeau.fr\/index.php\/wp-json\/wp\/v2\/pages\/1348","targetHints":{"allow":["GET"]}}],"collection":[{"href":"https:\/\/animationtroupeau.fr\/index.php\/wp-json\/wp\/v2\/pages"}],"about":[{"href":"https:\/\/animationtroupeau.fr\/index.php\/wp-json\/wp\/v2\/types\/page"}],"author":[{"embeddable":true,"href":"https:\/\/animationtroupeau.fr\/index.php\/wp-json\/wp\/v2\/users\/2"}],"replies":[{"embeddable":true,"href":"https:\/\/animationtroupeau.fr\/index.php\/wp-json\/wp\/v2\/comments?post=1348"}],"version-history":[{"count":6,"href":"https:\/\/animationtroupeau.fr\/index.php\/wp-json\/wp\/v2\/pages\/1348\/revisions"}],"predecessor-version":[{"id":1356,"href":"https:\/\/animationtroupeau.fr\/index.php\/wp-json\/wp\/v2\/pages\/1348\/revisions\/1356"}],"wp:attachment":[{"href":"https:\/\/animationtroupeau.fr\/index.php\/wp-json\/wp\/v2\/media?parent=1348"}],"curies":[{"name":"wp","href":"https:\/\/api.w.org\/{rel}","templated":true}]}}