{"id":1234,"date":"2016-11-07T04:04:52","date_gmt":"2016-11-07T04:04:52","guid":{"rendered":"http:\/\/animationtroupeau.fr\/?page_id=6"},"modified":"2018-10-08T14:50:19","modified_gmt":"2018-10-08T14:50:19","slug":"politique-de-confidentialite","status":"publish","type":"page","link":"https:\/\/animationtroupeau.fr\/index.php\/politique-de-confidentialite\/","title":{"rendered":"Politique de confidentialit\u00e9"},"content":{"rendered":"<div class=\"fusion-fullwidth fullwidth-box fusion-builder-row-1 fusion-parallax-none nonhundred-percent-fullwidth non-hundred-percent-height-scrolling\" style=\"--awb-border-radius-top-left:0px;--awb-border-radius-top-right:0px;--awb-border-radius-bottom-right:0px;--awb-border-radius-bottom-left:0px;--awb-background-image:url(&quot;https:\/\/animationtroupeau.fr\/wp-content\/uploads\/2016\/11\/care_4.jpg&quot;);--awb-background-size:cover;--awb-flex-wrap:wrap;\" ><div class=\"fusion-builder-row fusion-row\"><div class=\"fusion-layout-column fusion_builder_column fusion-builder-column-0 fusion_builder_column_1_5 1_5 fusion-one-fifth fusion-column-first\" style=\"--awb-bg-size:cover;width:20%;width:calc(20% - ( ( 4% + 4% ) * 0.2 ) );margin-right: 4%;\"><div class=\"fusion-column-wrapper fusion-flex-column-wrapper-legacy\"><div class=\"fusion-clearfix\"><\/div><\/div><\/div><div class=\"fusion-layout-column fusion_builder_column fusion-builder-column-1 fusion_builder_column_3_5 3_5 fusion-three-fifth\" style=\"--awb-bg-size:cover;width:60%;width:calc(60% - ( ( 4% + 4% ) * 0.6 ) );margin-right: 4%;\"><div class=\"fusion-column-wrapper fusion-flex-column-wrapper-legacy\"><div class=\"fusion-text fusion-text-1\"><h2><span style=\"color: #ffffff;\">Politique de confidentialit\u00e9<\/span><\/h2>\n<\/div><div class=\"fusion-text fusion-text-2\"><h3><span style=\"color: #ffffff;\"><strong>Responsable<\/strong><\/span><\/h3>\n<h4><span style=\"color: #ffffff;\"><strong>Qui est responsable du traitement de vos donn\u00e9es ?<\/strong><\/span><\/h4>\n<ol>\n<li><span style=\"color: #ffffff;\">Identit\u00e9 : ANIMATION TROUPEAU<\/span><\/li>\n<li><span style=\"color: #ffffff;\">Courrier \u00e9lectronique : animationtroupeau@yahoo.fr<\/span><\/li>\n<\/ol>\n<h3><span style=\"color: #ffffff;\"><strong>But<\/strong><\/span><\/h3>\n<h4><span style=\"color: #ffffff;\"><strong>Dans quel but est-ce que nous traitons vos donn\u00e9es personnelles ?<\/strong><\/span><\/h4>\n<p><span style=\"color: #ffffff;\">Chez ANIMATION TROUPEAU, nous sommes susceptibles de traiter vos donn\u00e9es personnelles \u00e0 partir du formulaire de \u00ab Contact \u00bb, lequel nous permet de r\u00e9pondre \u00e0 toutes les demandes et tous les doutes que nos clients peuvent avoir vis-\u00e0-vis de nos services.<\/span><\/p>\n<p><span style=\"color: #ffffff;\">Seule la soci\u00e9t\u00e9 ANIMATION TROUPEAU aura acc\u00e8s \u00e0 vos donn\u00e9es personnelles.<\/span><\/p>\n<p><span style=\"color: #ffffff;\">Le fait d\u2019accepter la pr\u00e9sente politique de confidentialit\u00e9 via le processus \u00e9tabli \u2013 \u00e0 savoir en cochant des cases \u2013 sera consid\u00e9r\u00e9 comme une d\u00e9claration affirmative \u00e0 travers laquelle L\u2019USAGER donne son CONSENTEMENT EXPR\u00c8S ET SANS \u00c9QUIVOQUE \u2013 en vertu des articles 6 \u00e0 9 du RGPD \u2013 et autorise ainsi le traitement de ses donn\u00e9es \u00e0 caract\u00e8re personnel aux fins expos\u00e9es dans le pr\u00e9sent document.<\/span><\/p>\n<h3><span style=\"color: #ffffff;\"><strong>Pendant combien de temps conservons-nous vos donn\u00e9es personnelles ?<\/strong><\/span><\/h3>\n<p><span style=\"color: #ffffff;\">Les donn\u00e9es personnelles recueillies \u00e0 travers les formulaires, ainsi que via le formulaire de demande de r\u00e9ception des lettres d\u2019informations, seront conserv\u00e9es par ANIMATION TROUPEAU autant de temps que vous le d\u00e9ciderez. Vous pouvez \u00e0 tout moment exercer les droits que la r\u00e8glementation relative \u00e0 la protection des donn\u00e9es met \u00e0 votre disposition.<\/span><\/p>\n<p><span style=\"color: #ffffff;\">Encore une fois, vous pouvez \u00e0 tout moment \u00e9liminer votre nom de notre base de donn\u00e9es et exercer le reste des droits que la r\u00e8glementation en vigueur vous reconna\u00eet, et ce en nous contactant via animationtroupeau@yahoo.fr.<\/span><\/p>\n<h3><span style=\"color: #ffffff;\"><strong>Autorisation<\/strong><\/span><\/h3>\n<h4><span style=\"color: #ffffff;\"><strong>Comment sommes-nous autoris\u00e9s \u00e0 traiter vos donn\u00e9es personnelles ?<\/strong><\/span><\/h4>\n<p><span style=\"color: #ffffff;\">Vous nous autorisez \u00e0 traiter vos donn\u00e9es personnelles d\u00e8s lors que vous cochez la case qui nous autorise de mani\u00e8re expresse \u00e0 traiter les donn\u00e9es que vous nous remettez.<\/span><\/p>\n<h3><span style=\"color: #ffffff;\"><strong>Droits dont vous b\u00e9n\u00e9ficiez<\/strong><\/span><\/h3>\n<h4><span style=\"color: #ffffff;\"><strong>De quels droits est-ce que je b\u00e9n\u00e9ficie en mati\u00e8re de protection de donn\u00e9es ?<\/strong><\/span><\/h4>\n<p><span style=\"color: #ffffff;\">Vous pouvez exercer n\u2019importe lequel des droits suivants en nous le faisant savoir \u00e0 l\u2019adresse \u00e9lectronique <a style=\"color: #ffffff;\" href=\"mailto:juridico@auratechlegal.com\">animationtroupeau@yahoo.fr<\/a> :<\/span><\/p>\n<ul>\n<li><span style=\"color: #ffffff;\">Droit de demander \u00e0 acc\u00e9der \u00e0 mes donn\u00e9es personnelles.<\/span><\/li>\n<li><span style=\"color: #ffffff;\">Droit \u00e0 demander leur rectification ou leur suppression.<\/span><\/li>\n<li><span style=\"color: #ffffff;\">Droit \u00e0 demander la limitation du traitement des donn\u00e9es.<\/span><\/li>\n<li><span style=\"color: #ffffff;\">Droit \u00e0 s\u2019opposer au traitement des donn\u00e9es.<\/span><\/li>\n<li><span style=\"color: #ffffff;\">Droit \u00e0 la portabilit\u00e9.<\/span><\/li>\n<\/ul>\n<h3><span style=\"color: #ffffff;\"><strong>Quels sont vos droits lorsque vous nous fournissez vos donn\u00e9es personnelles ?<\/strong><\/span><\/h3>\n<p><span style=\"color: #ffffff;\">N\u2019importe quel citoyen poss\u00e8de le droit d\u2019obtenir la confirmation que ANIMATION TROUPEAU traite ou non des donn\u00e9es personnelles le concernant.<\/span><\/p>\n<p><span style=\"color: #ffffff;\">Les personnes concern\u00e9es pourront acc\u00e9der \u00e0 leurs donn\u00e9es personnelles, les rectifier ou, le cas \u00e9ch\u00e9ant, demander leur suppression lorsque, entre autres motifs, les donn\u00e9es ne sont plus n\u00e9cessaires pour satisfaire le but pour lequel elles ont \u00e9t\u00e9 recueillies.<\/span><\/p>\n<p><span style=\"color: #ffffff;\">Vous pouvez \u00e9galement nous demander de limiter le traitement de vos donn\u00e9es personnelles, auquel cas nous traiterons vos donn\u00e9es personnelles uniquement dans le but de vous permettre de soumettre des r\u00e9clamations et de vous d\u00e9fendre.<\/span><\/p>\n<h3><span style=\"color: #ffffff;\"><strong>Destinataires<\/strong><\/span><\/h3>\n<h4><span style=\"color: #ffffff;\"><strong>\u00c0 quels destinataires communiquerons-nous vos donn\u00e9es personnelles ?<\/strong><\/span><\/h4>\n<p><span style=\"color: #ffffff;\">Nous ne partagerons pas vos donn\u00e9es personnelles, sauf en cas d\u2019obligation l\u00e9gale.<\/span><\/p>\n<p><span style=\"color: #ffffff;\"><strong>Provenance de vos donn\u00e9es personnelles<\/strong><\/span><\/p>\n<p><span style=\"color: #ffffff;\"><strong>Comment est-ce que nous avons obtenu vos donn\u00e9es personnelles ?<\/strong><\/span><\/p>\n<p><span style=\"color: #ffffff;\">Nous les recueillons via le formulaire de \u00ab Contact \u00bb du site web www.animationtroupeau.fr.<\/span><\/p>\n<p><span style=\"color: #ffffff;\"><strong>Quelles cat\u00e9gories de donn\u00e9es manipulons-nous ?<\/strong><\/span><\/p>\n<p><span style=\"color: #ffffff;\">Cat\u00e9gories de donn\u00e9es \u00e0 caract\u00e8re personnel que nous traitons : Pr\u00e9nom, nom, adresse e-mail, t\u00e9l\u00e9phone et message.<\/span><\/p>\n<\/div><div class=\"fusion-clearfix\"><\/div><\/div><\/div><div class=\"fusion-layout-column fusion_builder_column fusion-builder-column-2 fusion_builder_column_1_5 1_5 fusion-one-fifth fusion-column-last\" style=\"--awb-bg-size:cover;width:20%;width:calc(20% - ( ( 4% + 4% ) * 0.2 ) );\"><div class=\"fusion-column-wrapper fusion-flex-column-wrapper-legacy\"><div class=\"fusion-clearfix\"><\/div><\/div><\/div><\/div><\/div>\n","protected":false},"excerpt":{"rendered":"","protected":false},"author":1,"featured_media":0,"parent":0,"menu_order":0,"comment_status":"closed","ping_status":"closed","template":"100-width.php","meta":{"footnotes":""},"class_list":["post-1234","page","type-page","status-publish","hentry"],"yoast_head":"<!-- This site is optimized with the Yoast SEO plugin v21.5 - https:\/\/yoast.com\/wordpress\/plugins\/seo\/ -->\n<title>Politique de confidentialit\u00e9 - Animation troupeau<\/title>\n<meta name=\"robots\" content=\"index, follow, max-snippet:-1, max-image-preview:large, max-video-preview:-1\" \/>\n<link rel=\"canonical\" href=\"https:\/\/animationtroupeau.fr\/index.php\/politique-de-confidentialite\/\" \/>\n<meta property=\"og:locale\" content=\"fr_FR\" \/>\n<meta property=\"og:type\" content=\"article\" \/>\n<meta property=\"og:title\" content=\"Politique de confidentialit\u00e9 - Animation troupeau\" \/>\n<meta property=\"og:url\" content=\"https:\/\/animationtroupeau.fr\/index.php\/politique-de-confidentialite\/\" \/>\n<meta property=\"og:site_name\" content=\"Animation troupeau\" \/>\n<meta property=\"article:modified_time\" content=\"2018-10-08T14:50:19+00:00\" \/>\n<meta name=\"twitter:card\" content=\"summary_large_image\" \/>\n<meta name=\"twitter:label1\" content=\"Dur\u00e9e de lecture estim\u00e9e\" \/>\n\t<meta name=\"twitter:data1\" content=\"5 minutes\" \/>\n<script type=\"application\/ld+json\" class=\"yoast-schema-graph\">{\"@context\":\"https:\/\/schema.org\",\"@graph\":[{\"@type\":\"WebPage\",\"@id\":\"https:\/\/animationtroupeau.fr\/index.php\/politique-de-confidentialite\/\",\"url\":\"https:\/\/animationtroupeau.fr\/index.php\/politique-de-confidentialite\/\",\"name\":\"Politique de confidentialit\u00e9 - Animation troupeau\",\"isPartOf\":{\"@id\":\"https:\/\/animationtroupeau.fr\/#website\"},\"datePublished\":\"2016-11-07T04:04:52+00:00\",\"dateModified\":\"2018-10-08T14:50:19+00:00\",\"breadcrumb\":{\"@id\":\"https:\/\/animationtroupeau.fr\/index.php\/politique-de-confidentialite\/#breadcrumb\"},\"inLanguage\":\"fr-FR\",\"potentialAction\":[{\"@type\":\"ReadAction\",\"target\":[\"https:\/\/animationtroupeau.fr\/index.php\/politique-de-confidentialite\/\"]}]},{\"@type\":\"BreadcrumbList\",\"@id\":\"https:\/\/animationtroupeau.fr\/index.php\/politique-de-confidentialite\/#breadcrumb\",\"itemListElement\":[{\"@type\":\"ListItem\",\"position\":1,\"name\":\"Accueil\",\"item\":\"https:\/\/animationtroupeau.fr\/\"},{\"@type\":\"ListItem\",\"position\":2,\"name\":\"Politique de confidentialit\u00e9\"}]},{\"@type\":\"WebSite\",\"@id\":\"https:\/\/animationtroupeau.fr\/#website\",\"url\":\"https:\/\/animationtroupeau.fr\/\",\"name\":\"Animation troupeau\",\"description\":\"La passion du travail du chien de berger\",\"potentialAction\":[{\"@type\":\"SearchAction\",\"target\":{\"@type\":\"EntryPoint\",\"urlTemplate\":\"https:\/\/animationtroupeau.fr\/?s={search_term_string}\"},\"query-input\":\"required name=search_term_string\"}],\"inLanguage\":\"fr-FR\"}]}<\/script>\n<!-- \/ Yoast SEO plugin. -->","yoast_head_json":{"title":"Politique de confidentialit\u00e9 - Animation troupeau","robots":{"index":"index","follow":"follow","max-snippet":"max-snippet:-1","max-image-preview":"max-image-preview:large","max-video-preview":"max-video-preview:-1"},"canonical":"https:\/\/animationtroupeau.fr\/index.php\/politique-de-confidentialite\/","og_locale":"fr_FR","og_type":"article","og_title":"Politique de confidentialit\u00e9 - Animation troupeau","og_url":"https:\/\/animationtroupeau.fr\/index.php\/politique-de-confidentialite\/","og_site_name":"Animation troupeau","article_modified_time":"2018-10-08T14:50:19+00:00","twitter_card":"summary_large_image","twitter_misc":{"Dur\u00e9e de lecture estim\u00e9e":"5 minutes"},"schema":{"@context":"https:\/\/schema.org","@graph":[{"@type":"WebPage","@id":"https:\/\/animationtroupeau.fr\/index.php\/politique-de-confidentialite\/","url":"https:\/\/animationtroupeau.fr\/index.php\/politique-de-confidentialite\/","name":"Politique de confidentialit\u00e9 - Animation troupeau","isPartOf":{"@id":"https:\/\/animationtroupeau.fr\/#website"},"datePublished":"2016-11-07T04:04:52+00:00","dateModified":"2018-10-08T14:50:19+00:00","breadcrumb":{"@id":"https:\/\/animationtroupeau.fr\/index.php\/politique-de-confidentialite\/#breadcrumb"},"inLanguage":"fr-FR","potentialAction":[{"@type":"ReadAction","target":["https:\/\/animationtroupeau.fr\/index.php\/politique-de-confidentialite\/"]}]},{"@type":"BreadcrumbList","@id":"https:\/\/animationtroupeau.fr\/index.php\/politique-de-confidentialite\/#breadcrumb","itemListElement":[{"@type":"ListItem","position":1,"name":"Accueil","item":"https:\/\/animationtroupeau.fr\/"},{"@type":"ListItem","position":2,"name":"Politique de confidentialit\u00e9"}]},{"@type":"WebSite","@id":"https:\/\/animationtroupeau.fr\/#website","url":"https:\/\/animationtroupeau.fr\/","name":"Animation troupeau","description":"La passion du travail du chien de berger","potentialAction":[{"@type":"SearchAction","target":{"@type":"EntryPoint","urlTemplate":"https:\/\/animationtroupeau.fr\/?s={search_term_string}"},"query-input":"required name=search_term_string"}],"inLanguage":"fr-FR"}]}},"_links":{"self":[{"href":"https:\/\/animationtroupeau.fr\/index.php\/wp-json\/wp\/v2\/pages\/1234","targetHints":{"allow":["GET"]}}],"collection":[{"href":"https:\/\/animationtroupeau.fr\/index.php\/wp-json\/wp\/v2\/pages"}],"about":[{"href":"https:\/\/animationtroupeau.fr\/index.php\/wp-json\/wp\/v2\/types\/page"}],"author":[{"embeddable":true,"href":"https:\/\/animationtroupeau.fr\/index.php\/wp-json\/wp\/v2\/users\/1"}],"replies":[{"embeddable":true,"href":"https:\/\/animationtroupeau.fr\/index.php\/wp-json\/wp\/v2\/comments?post=1234"}],"version-history":[{"count":9,"href":"https:\/\/animationtroupeau.fr\/index.php\/wp-json\/wp\/v2\/pages\/1234\/revisions"}],"predecessor-version":[{"id":1359,"href":"https:\/\/animationtroupeau.fr\/index.php\/wp-json\/wp\/v2\/pages\/1234\/revisions\/1359"}],"wp:attachment":[{"href":"https:\/\/animationtroupeau.fr\/index.php\/wp-json\/wp\/v2\/media?parent=1234"}],"curies":[{"name":"wp","href":"https:\/\/api.w.org\/{rel}","templated":true}]}}